{"id":671,"date":"2014-08-29T01:32:00","date_gmt":"2014-08-28T22:32:00","guid":{"rendered":"http:\/\/epopaigaldus.ee\/uus2016\/avaleht\/?lang=ru"},"modified":"2021-07-05T21:42:36","modified_gmt":"2021-07-05T18:42:36","slug":"%d0%b3%d0%bb%d0%b0%d0%b2%d0%bd%d0%b0%d1%8f","status":"publish","type":"page","link":"https:\/\/epopaigaldus.ee\/ru\/","title":{"rendered":"\u0413\u043b\u0430\u0432\u043d\u0430\u044f"},"content":{"rendered":"<div id='av_section_1'  class='avia-section main_color avia-section-large avia-no-border-styling  avia-full-stretch av-parallax-section av-section-color-overlay-active avia-bg-style-parallax  avia-builder-el-0  el_before_av_section  avia-builder-el-first  slider  container_wrap sidebar_right' style=' '  data-section-bg-repeat='stretch'><div class='av-parallax' data-avia-parallax-ratio='0.3' ><div class='av-parallax-inner main_color  avia-full-stretch' style = 'background-repeat: no-repeat; background-image: url(https:\/\/epopaigaldus.ee\/wp-content\/uploads\/2014\/08\/EPOPORANDAD_SLIDE_1-1500x848.jpg);background-attachment: scroll; background-position: center center; ' ><\/div><\/div><div class='av-section-color-overlay-wrap'><div class='av-section-color-overlay' style='opacity: 0.5; background-image: url(https:\/\/epopaigaldus.ee\/wp-content\/themes\/enfold\/images\/background-images\/diagonal-bold-light.png); background-repeat: repeat;'><\/div><div class='container' ><main  role=\"main\" itemprop=\"mainContentOfPage\"  class='template-page content  av-content-small alpha units'><div class='post-entry post-entry-type-page post-entry-671'><div class='entry-content-wrapper clearfix'>\n<div  style='padding-bottom:40px; color:#ffffff;font-size:63px;' class='av-special-heading av-special-heading-h2 custom-color-heading blockquote modern-quote  avia-builder-el-1  avia-builder-el-no-sibling  av-inherit-size '><h2 class='av-special-heading-tag '  itemprop=\"headline\"  >\u042d\u043f\u043e\u043a\u0441\u0438\u0434\u043d\u044b\u0435 \u043f\u043e\u043b\u044b<\/h2><div class ='av-subheading av-subheading_below av_custom_color ' style='font-size:20px;'><p>\u043f\u0440\u043e\u0434\u0430\u0436\u0430, \u043c\u043e\u043d\u0442\u0430\u0436 \u0438 \u0440\u0435\u043c\u043e\u043d\u0442<\/p>\n<\/div><div class='special-heading-border'><div class='special-heading-inner-border' style='border-color:#ffffff'><\/div><\/div><\/div>\n\n<\/div><\/div><\/main><!-- close content main element --><\/div><\/div><\/div><div id='av_section_2'  class='avia-section main_color avia-section-default avia-no-border-styling  avia-bg-style-scroll  avia-builder-el-2  el_after_av_section  el_before_av_partner   av-arrow-down-section container_wrap sidebar_right' style=' '  ><div class='container' ><div class='template-page content  av-content-small alpha units'><div class='post-entry post-entry-type-page post-entry-671'><div class='entry-content-wrapper clearfix'>\n<div class=\"flex_column av_one_full  flex_column_div av-zero-column-padding first  avia-builder-el-3  el_before_av_hr  avia-builder-el-first  \" style='border-radius:0px; '><p><div  style='padding-bottom:10px; ' class='av-special-heading av-special-heading-h2  blockquote modern-quote modern-centered  avia-builder-el-4  el_before_av_textblock  avia-builder-el-first  '><div class ='av-subheading av-subheading_above  ' style='font-size:15px;'><p>Epo Paigaldus O\u00dc<\/p>\n<\/div><h2 class='av-special-heading-tag '  itemprop=\"headline\"  >\u042d\u043f\u043e\u043a\u0441\u0438\u0434\u043d\u044b\u0435 \u043f\u043e\u043b\u044b<\/h2><div class='special-heading-border'><div class='special-heading-inner-border' ><\/div><\/div><\/div><br \/>\n<section class=\"av_textblock_section \"  itemscope=\"itemscope\" itemtype=\"https:\/\/schema.org\/CreativeWork\" ><div class='avia_textblock introinfo '  style='font-size:16px; '  itemprop=\"text\" ><p>Epo Paigaldus O\u00dc \u00a0\u0437\u0430\u043d\u0438\u043c\u0430\u0435\u0442\u0441\u044f \u043f\u0440\u043e\u0434\u0430\u0436\u0435\u0439, \u0443\u043a\u043b\u0430\u0434\u043a\u043e\u0439 \u0438 \u0440\u0435\u043a\u043e\u043d\u0441\u0442\u0440\u0443\u043a\u0446\u0438\u0435\u0439 <strong>\u044d\u043f\u043e\u043a\u0441\u0438\u0434\u043d\u044b\u0445 \u043f\u043e\u043b\u043e\u0432<\/strong>, \u0430 \u0442\u0430\u043a\u0436\u0435 \u0440\u0430\u0431\u043e\u0442\u0430\u043c\u0438 \u043f\u043e \u0437\u0430\u043b\u0438\u0432\u043a\u0435 \u0438 \u0432\u044b\u0440\u0430\u0432\u043d\u0438\u0432\u0430\u043d\u0438\u044e \u043f\u043e\u043b\u043e\u0432. \u0423\u043a\u043b\u0430\u0434\u043a\u0443 <em>\u044d\u043f\u043e\u043a\u0441\u0438\u0434\u043d\u044b\u0445 \u043f\u043e\u043b\u043e\u0432<\/em> \u043c\u044b \u0432\u044b\u043f\u043e\u043b\u043d\u044f\u0435\u043c \u0443\u0436\u0435 \u0441 2003 \u0433\u043e\u0434\u0430, \u043f\u043e\u044d\u0442\u043e\u043c\u0443 \u043e\u043f\u044b\u0442\u0430 \u0443 \u043d\u0430\u0441 \u0434\u043e\u0441\u0442\u0430\u0442\u043e\u0447\u043d\u043e. \u041f\u0440\u0438 \u0443\u043a\u043b\u0430\u0434\u043a\u0435 \u043c\u044b \u0438\u0441\u043f\u043e\u043b\u044c\u0437\u0443\u0435\u043c \u0442\u043e\u043b\u044c\u043a\u043e \u043a\u0430\u0447\u0435\u0441\u0442\u0432\u0435\u043d\u043d\u044b\u0435 \u043c\u0430\u0442\u0435\u0440\u0438\u0430\u043b\u044b \u043e\u0442 \u043f\u0440\u0438\u0437\u043d\u0430\u043d\u043d\u044b\u0445 \u043f\u0440\u043e\u0438\u0437\u0432\u043e\u0434\u0438\u0442\u0435\u043b\u0435\u0439. \u0415\u0441\u043b\u0438 \u0443 \u0432\u0430\u0441 \u0432\u043e\u0437\u043d\u0438\u043a\u043b\u0430 \u043f\u0440\u043e\u0431\u043b\u0435\u043c\u0430 \u0441 \u044d\u043f\u043e\u043a\u0441\u0438\u0434\u043d\u044b\u043c \u043f\u043e\u043b\u043e\u043c \u0438\u043b\u0438 \u0431\u0435\u0442\u043e\u043d\u043d\u044b\u0439 \u043f\u043e\u043b \u043d\u0443\u0436\u0434\u0430\u0435\u0442\u0441\u044f \u0432 \u043f\u043e\u043a\u0440\u044b\u0442\u0438\u0438, \u0441\u043c\u0435\u043b\u043e \u0441\u0432\u044f\u0437\u044b\u0432\u0430\u0439\u0442\u0435\u0441\u044c \u0441 \u043d\u0430\u043c\u0438!<\/p>\n<div id=\"spoon-plugin-kncgbdglledmjmpnikebkagnchfdehbm-2\" style=\"display: none;\"><\/div>\n<\/div><\/section><\/p><\/div><div   class='hr hr-default   avia-builder-el-6  el_after_av_one_full  el_before_av_portfolio  avia-builder-el-last '><span class='hr-inner ' ><span class='hr-inner-style'><\/span><\/span><\/div>\n<div  id=\"av-sc-portfolio-1\"  class=' grid-sort-container isotope   no_margin-container with-no-container grid-total-even grid-col-6 grid-links-' data-portfolio-id='1'><div data-ajax-id='656' class=' grid-entry flex_column isotope-item all_sort no_margin post-entry post-entry-656 grid-entry-overview grid-loop-1 grid-parity-odd  epoporandad-ru_sort  av_one_sixth first default_av_fullwidth '><article class='main_color inner-entry'  itemscope=\"itemscope\" itemtype=\"https:\/\/schema.org\/CreativeWork\" ><a href=\"https:\/\/epopaigaldus.ee\/ru\/epoporand\/%d1%8d%d0%bf%d0%be%d0%ba%d1%81%d0%b8%d0%b4%d0%bd%d1%8b%d0%b5-%d0%bb%d0%b0%d0%ba%d0%b8-%d0%b8-%d0%ba%d1%80%d0%b0%d1%81%d0%ba%d0%b8\/\" title=''  data-rel='grid-1' class='grid-image avia-hover-fx'> <img decoding=\"async\" width=\"260\" height=\"185\" src=\"https:\/\/epopaigaldus.ee\/wp-content\/uploads\/2016\/03\/MAIN_7-260x185.jpg\" class=\"wp-image-709 avia-img-lazy-loading-not-709 attachment-portfolio_small size-portfolio_small wp-post-image\" alt=\"\" \/><\/a><footer class=\"entry-footer\"><\/footer><\/article><\/div><div data-ajax-id='659' class=' grid-entry flex_column isotope-item all_sort no_margin post-entry post-entry-659 grid-entry-overview grid-loop-2 grid-parity-even  epoporandad-ru_sort  av_one_sixth  default_av_fullwidth '><article class='main_color inner-entry'  itemscope=\"itemscope\" itemtype=\"https:\/\/schema.org\/CreativeWork\" ><a href=\"https:\/\/epopaigaldus.ee\/ru\/epoporand\/%d1%81%d0%b0%d0%bc-%d1%8d%d0%bf%d0%be%d0%ba%d1%81%d0%b8%d0%b4%d0%bd%d1%8b%d0%b5-%d0%bc\/\" title=''  data-rel='grid-1' class='grid-image avia-hover-fx'> <img decoding=\"async\" width=\"260\" height=\"185\" src=\"https:\/\/epopaigaldus.ee\/wp-content\/uploads\/2016\/03\/EPOPORANDAD_EPOMASSID_05-260x185.jpg\" class=\"wp-image-749 avia-img-lazy-loading-not-749 attachment-portfolio_small size-portfolio_small wp-post-image\" alt=\"\" \/><\/a><footer class=\"entry-footer\"><\/footer><\/article><\/div><div data-ajax-id='658' class=' grid-entry flex_column isotope-item all_sort no_margin post-entry post-entry-658 grid-entry-overview grid-loop-3 grid-parity-odd  epoporandad-ru_sort  av_one_sixth  default_av_fullwidth '><article class='main_color inner-entry'  itemscope=\"itemscope\" itemtype=\"https:\/\/schema.org\/CreativeWork\" ><a href=\"https:\/\/epopaigaldus.ee\/ru\/epoporand\/%d1%81%d0%b0%d0%bc%d0%be-%d0%bf%d0%be%d0%bb%d0%b8%d1%83%d1%80%d0%b5%d1%82%d0%b0%d0%bd%d0%be%d0%b2%d1%8b%d0%b5\/\" title=''  data-rel='grid-1' class='grid-image avia-hover-fx'> <img decoding=\"async\" width=\"260\" height=\"185\" src=\"https:\/\/epopaigaldus.ee\/wp-content\/uploads\/2016\/03\/EPOPORANDAD_EPOMASSID_06-260x185.jpg\" class=\"wp-image-751 avia-img-lazy-loading-not-751 attachment-portfolio_small size-portfolio_small wp-post-image\" alt=\"\" \/><\/a><footer class=\"entry-footer\"><\/footer><\/article><\/div><div data-ajax-id='661' class=' grid-entry flex_column isotope-item all_sort no_margin post-entry post-entry-661 grid-entry-overview grid-loop-4 grid-parity-even  epoporandad-ru_sort  av_one_sixth  default_av_fullwidth '><article class='main_color inner-entry'  itemscope=\"itemscope\" itemtype=\"https:\/\/schema.org\/CreativeWork\" ><a href=\"https:\/\/epopaigaldus.ee\/ru\/epoporand\/%d1%80%d0%b0%d1%81%d1%82%d0%b8%d1%80%d0%b0%d0%b5%d0%bc%d1%8b%d0%b5-%d0%bc%d0%b0%d1%81%d1%81%d1%8b\/\" title=''  data-rel='grid-1' class='grid-image avia-hover-fx'> <img decoding=\"async\" width=\"260\" height=\"185\" src=\"https:\/\/epopaigaldus.ee\/wp-content\/uploads\/2016\/03\/EPOPORANDAD_HMASSID_4-260x185.jpg\" class=\"wp-image-731 avia-img-lazy-loading-not-731 attachment-portfolio_small size-portfolio_small wp-post-image\" alt=\"\" \/><\/a><footer class=\"entry-footer\"><\/footer><\/article><\/div><div data-ajax-id='692' class=' grid-entry flex_column isotope-item all_sort no_margin post-entry post-entry-692 grid-entry-overview grid-loop-5 grid-parity-odd  epoporandad-ru_sort  av_one_sixth  default_av_fullwidth '><article class='main_color inner-entry'  itemscope=\"itemscope\" itemtype=\"https:\/\/schema.org\/CreativeWork\" ><a href=\"https:\/\/epopaigaldus.ee\/ru\/epoporand\/%d0%b1%d1%8b%d1%81%d1%82%d1%80%d0%be-%d0%be%d1%82%d0%b2-%d1%8d%d0%bf%d0%be%d0%ba%d1%81%d0%b8%d0%b4%d0%bd%d1%8b%d0%b5-%d0%bc-%d0%b8%d0%bb%d0%b8-%d0%b0%d0%ba%d1%80%d0%b8%d0%bb%d1%8b\/\" title=''  data-rel='grid-1' class='grid-image avia-hover-fx'> <img decoding=\"async\" width=\"260\" height=\"185\" src=\"https:\/\/epopaigaldus.ee\/wp-content\/uploads\/2016\/03\/EPOPORANDAD_HMASSID_6-260x185.jpg\" class=\"wp-image-735 avia-img-lazy-loading-not-735 attachment-portfolio_small size-portfolio_small wp-post-image\" alt=\"\" \/><\/a><footer class=\"entry-footer\"><\/footer><\/article><\/div><div data-ajax-id='668' class=' grid-entry flex_column isotope-item all_sort no_margin post-entry post-entry-668 grid-entry-overview grid-loop-6 grid-parity-even  post-entry-last  epoporandad-ru_sort  av_one_sixth  default_av_fullwidth '><article class='main_color inner-entry'  itemscope=\"itemscope\" itemtype=\"https:\/\/schema.org\/CreativeWork\" ><a href=\"https:\/\/epopaigaldus.ee\/ru\/epoporand\/%d0%b4%d0%b5%d0%ba%d0%be%d1%80%d0%b0%d1%82%d0%b8%d0%b2%d0%bd%d1%8b%d0%b5-%d0%bf%d0%be%d0%ba%d1%80%d1%8b%d1%82%d0%b8%d1%8f\/\" title=''  data-rel='grid-1' class='grid-image avia-hover-fx'> <img decoding=\"async\" width=\"260\" height=\"185\" src=\"https:\/\/epopaigaldus.ee\/wp-content\/uploads\/2014\/09\/MAIN_9-260x185.jpg\" class=\"wp-image-723 avia-img-lazy-loading-not-723 attachment-portfolio_small size-portfolio_small wp-post-image\" alt=\"\" srcset=\"https:\/\/epopaigaldus.ee\/wp-content\/uploads\/2014\/09\/MAIN_9-260x185.jpg 260w, https:\/\/epopaigaldus.ee\/wp-content\/uploads\/2014\/09\/MAIN_9-845x599.jpg 845w\" sizes=\"(max-width: 260px) 100vw, 260px\" \/><\/a><footer class=\"entry-footer\"><\/footer><\/article><\/div><\/div>\n<\/div><\/div><\/div><!-- close content main div --><\/div><div class='av-extra-border-element border-extra-arrow-down'><div class='av-extra-border-outer'><div class='av-extra-border-inner'  style='background-color:#f8f8f8;' ><\/div><\/div><\/div><\/div><div id='after_section_2'  class='main_color av_default_container_wrap container_wrap sidebar_right' style=' '  ><div class='container' ><div class='template-page content  av-content-small alpha units'><div class='post-entry post-entry-type-page post-entry-671'><div class='entry-content-wrapper clearfix'>\n<div   data-autoplay='false'  data-interval='5'  data-animation='slide'  class='avia-logo-element-container av-border-deactivate avia-logo-grid avia-content-slider avia-smallarrow-slider avia-content-grid-active noHover avia-content-slider1 avia-content-slider-odd  avia-builder-el-8  el_after_av_section  el_before_av_button_big  avia-builder-el-no-sibling  epo-partnerid ' ><div class='avia-smallarrow-slider-heading '><div class='new-special-heading'><h3 class=''>\u0418\u0441\u043f\u043e\u043b\u044c\u0437\u0443\u0435\u043c \u0442\u043e\u043b\u044c\u043a\u043e \u0442\u043e\u043b\u044c\u043a\u043e \u043f\u0440\u0438\u0437\u043d\u0430\u043d\u043d\u044b\u0435 \u043f\u0440\u043e\u0438\u0437\u0432\u043e\u0434\u0438\u0442\u0435\u043b\u0438!<\/h3><\/div><\/div><div class='avia-content-slider-inner'><div class='slide-entry-wrap' ><div  class='slide-entry flex_column no_margin post-entry slide-entry-overview slide-loop-1 slide-parity-odd  av_one_third first real-thumbnail'><a href=\"http:\/\/www.tikkurila.ee\/ehitus-_ja_remontvarvid\" data-rel='slide-1' class='slide-image' title='' target=\"_blank\" rel=\"noopener noreferrer\"><img decoding=\"async\" width=\"160\" height=\"114\" src=\"https:\/\/epopaigaldus.ee\/wp-content\/uploads\/2016\/03\/EPOPAIGALDUS_PARTNERID_TIKKURILA-8.jpg\" class=\"wp-image-1002 avia-img-lazy-loading-not-1002 attachment-medium size-medium\" alt=\"\" \/><\/a><\/div><div  class='slide-entry flex_column no_margin post-entry slide-entry-overview slide-loop-2 slide-parity-even  av_one_third  real-thumbnail'><a href=\"http:\/\/www.teknos.ee\/\" data-rel='slide-1' class='slide-image' title='' target=\"_blank\" rel=\"noopener noreferrer\"><img decoding=\"async\" width=\"160\" height=\"114\" src=\"https:\/\/epopaigaldus.ee\/wp-content\/uploads\/2016\/03\/EPOPAIGALDUS_PARTNERID_TEKNOS.jpg\" class=\"wp-image-999 avia-img-lazy-loading-not-999 attachment-medium size-medium\" alt=\"\" \/><\/a><\/div><div  class='slide-entry flex_column no_margin post-entry slide-entry-overview slide-loop-3 slide-parity-odd  post-entry-last  av_one_third  real-thumbnail'><a href=\"http:\/\/epokate.ee\/\" data-rel='slide-1' class='slide-image' title='' target=\"_blank\" rel=\"noopener noreferrer\"><img decoding=\"async\" width=\"160\" height=\"114\" src=\"https:\/\/epopaigaldus.ee\/wp-content\/uploads\/2016\/03\/EPOPAIGALDUS_PARTNERID_EPOKATE-7.jpg\" class=\"wp-image-996 avia-img-lazy-loading-not-996 attachment-medium size-medium\" alt=\"\" \/><\/a><\/div><\/div><\/div><\/div>\n<div  class='avia-button-wrap avia-button-center  avia-builder-el-9  el_after_av_partner  avia-builder-el-last ' ><a href='https:\/\/epopaigaldus.ee\/kontakt-ja-epoporand-info\/' class='avia-button avia-button-fullwidth   av-icon-on-hover avia-icon_select-yes-right-icon avia-color-custom '  style='color:#ffffff; background-color:#7f7f7f; ' ><span class='avia_iconbox_title' >V\u00d5TA MEIEGA \u00dcHENDUST<\/span><span class='avia_button_icon avia_button_icon_right' aria-hidden='true' data-av_icon='\ue805' data-av_iconfont='entypo-fontello'><\/span><div class='av-button-description av-button-description-below'><p>Kui soovite parimat epop\u00f5randa lahendust, pikaajalist kogemust ja k\u00f5rget kvaliteeti, siis v\u00f5tke julgesti meiega \u00fchendust!<\/p>\n<\/div><span class='avia_button_background avia-button avia-button-fullwidth avia-color-custom' style='background-color:#ffa749;'><\/span><\/a><\/div>\n","protected":false},"excerpt":{"rendered":"","protected":false},"author":1,"featured_media":0,"parent":0,"menu_order":0,"comment_status":"open","ping_status":"open","template":"","meta":{"footnotes":""},"class_list":["post-671","page","type-page","status-publish","hentry"],"yoast_head":"<!-- This site is optimized with the Yoast SEO plugin v24.6 - https:\/\/yoast.com\/wordpress\/plugins\/seo\/ -->\n<title>\u042d\u043f\u043e\u043a\u0441\u0438\u0434\u043d\u044b\u0435 \u043f\u043e\u043b\u044b. \u041f\u0440\u043e\u0434\u0430\u0436\u0430, \u043c\u043e\u043d\u0442\u0430\u0436 \u0438 \u0440\u0435\u043c\u043e\u043d\u0442<\/title>\n<meta name=\"description\" content=\"Epo Paigaldus O\u00dc \u0437\u0430\u043d\u0438\u043c\u0430\u0435\u0442\u0441\u044f \u043f\u0440\u043e\u0434\u0430\u0436\u0435\u0439, \u0443\u043a\u043b\u0430\u0434\u043a\u043e\u0439 \u0438 \u0440\u0435\u043a\u043e\u043d\u0441\u0442\u0440\u0443\u043a\u0446\u0438\u0435\u0439 \u044d\u043f\u043e\u043a\u0441\u0438\u0434\u043d\u044b\u0445 \u043f\u043e\u043b\u043e\u0432, \u0430 \u0442\u0430\u043a\u0436\u0435 \u0440\u0430\u0431\u043e\u0442\u0430\u043c\u0438 \u043f\u043e \u0437\u0430\u043b\u0438\u0432\u043a\u0435 \u0438 \u0432\u044b\u0440\u0430\u0432\u043d\u0438\u0432\u0430\u043d\u0438\u044e \u043f\u043e\u043b\u043e\u0432.\" \/>\n<meta name=\"robots\" content=\"index, follow, max-snippet:-1, max-image-preview:large, max-video-preview:-1\" \/>\n<link rel=\"canonical\" href=\"https:\/\/epopaigaldus.ee\/ru\/\" \/>\n<meta property=\"og:locale\" content=\"ru_RU\" \/>\n<meta property=\"og:type\" content=\"article\" \/>\n<meta property=\"og:title\" content=\"\u042d\u043f\u043e\u043a\u0441\u0438\u0434\u043d\u044b\u0435 \u043f\u043e\u043b\u044b. \u041f\u0440\u043e\u0434\u0430\u0436\u0430, \u043c\u043e\u043d\u0442\u0430\u0436 \u0438 \u0440\u0435\u043c\u043e\u043d\u0442\" \/>\n<meta property=\"og:description\" content=\"Epo Paigaldus O\u00dc \u0437\u0430\u043d\u0438\u043c\u0430\u0435\u0442\u0441\u044f \u043f\u0440\u043e\u0434\u0430\u0436\u0435\u0439, \u0443\u043a\u043b\u0430\u0434\u043a\u043e\u0439 \u0438 \u0440\u0435\u043a\u043e\u043d\u0441\u0442\u0440\u0443\u043a\u0446\u0438\u0435\u0439 \u044d\u043f\u043e\u043a\u0441\u0438\u0434\u043d\u044b\u0445 \u043f\u043e\u043b\u043e\u0432, \u0430 \u0442\u0430\u043a\u0436\u0435 \u0440\u0430\u0431\u043e\u0442\u0430\u043c\u0438 \u043f\u043e \u0437\u0430\u043b\u0438\u0432\u043a\u0435 \u0438 \u0432\u044b\u0440\u0430\u0432\u043d\u0438\u0432\u0430\u043d\u0438\u044e \u043f\u043e\u043b\u043e\u0432.\" \/>\n<meta property=\"og:url\" content=\"https:\/\/epopaigaldus.ee\/ru\/\" \/>\n<meta property=\"og:site_name\" content=\"Epop&otilde;randad ja paigaldus\" \/>\n<meta property=\"article:modified_time\" content=\"2021-07-05T18:42:36+00:00\" \/>\n<meta name=\"twitter:card\" content=\"summary_large_image\" \/>\n<meta name=\"twitter:label1\" content=\"\u041f\u0440\u0438\u043c\u0435\u0440\u043d\u043e\u0435 \u0432\u0440\u0435\u043c\u044f \u0434\u043b\u044f \u0447\u0442\u0435\u043d\u0438\u044f\" \/>\n\t<meta name=\"twitter:data1\" content=\"2 \u043c\u0438\u043d\u0443\u0442\u044b\" \/>\n<script type=\"application\/ld+json\" class=\"yoast-schema-graph\">{\"@context\":\"https:\/\/schema.org\",\"@graph\":[{\"@type\":\"WebPage\",\"@id\":\"https:\/\/epopaigaldus.ee\/ru\/\",\"url\":\"https:\/\/epopaigaldus.ee\/ru\/\",\"name\":\"\u042d\u043f\u043e\u043a\u0441\u0438\u0434\u043d\u044b\u0435 \u043f\u043e\u043b\u044b. \u041f\u0440\u043e\u0434\u0430\u0436\u0430, \u043c\u043e\u043d\u0442\u0430\u0436 \u0438 \u0440\u0435\u043c\u043e\u043d\u0442\",\"isPartOf\":{\"@id\":\"https:\/\/epopaigaldus.ee\/#website\"},\"datePublished\":\"2014-08-28T22:32:00+00:00\",\"dateModified\":\"2021-07-05T18:42:36+00:00\",\"description\":\"Epo Paigaldus O\u00dc \u0437\u0430\u043d\u0438\u043c\u0430\u0435\u0442\u0441\u044f \u043f\u0440\u043e\u0434\u0430\u0436\u0435\u0439, \u0443\u043a\u043b\u0430\u0434\u043a\u043e\u0439 \u0438 \u0440\u0435\u043a\u043e\u043d\u0441\u0442\u0440\u0443\u043a\u0446\u0438\u0435\u0439 \u044d\u043f\u043e\u043a\u0441\u0438\u0434\u043d\u044b\u0445 \u043f\u043e\u043b\u043e\u0432, \u0430 \u0442\u0430\u043a\u0436\u0435 \u0440\u0430\u0431\u043e\u0442\u0430\u043c\u0438 \u043f\u043e \u0437\u0430\u043b\u0438\u0432\u043a\u0435 \u0438 \u0432\u044b\u0440\u0430\u0432\u043d\u0438\u0432\u0430\u043d\u0438\u044e \u043f\u043e\u043b\u043e\u0432.\",\"breadcrumb\":{\"@id\":\"https:\/\/epopaigaldus.ee\/ru\/#breadcrumb\"},\"inLanguage\":\"ru-RU\",\"potentialAction\":[{\"@type\":\"ReadAction\",\"target\":[\"https:\/\/epopaigaldus.ee\/ru\/\"]}]},{\"@type\":\"BreadcrumbList\",\"@id\":\"https:\/\/epopaigaldus.ee\/ru\/#breadcrumb\",\"itemListElement\":[{\"@type\":\"ListItem\",\"position\":1,\"name\":\"Home\",\"item\":\"https:\/\/epopaigaldus.ee\/ru\/\"},{\"@type\":\"ListItem\",\"position\":2,\"name\":\"\u0413\u043b\u0430\u0432\u043d\u0430\u044f\"}]},{\"@type\":\"WebSite\",\"@id\":\"https:\/\/epopaigaldus.ee\/#website\",\"url\":\"https:\/\/epopaigaldus.ee\/\",\"name\":\"Epop&otilde;randad ja paigaldus\",\"description\":\"Kvaliteetsete epop&otilde;randate m&uuml;&uuml;k, epopaigaldus ja renoveerimimine\",\"potentialAction\":[{\"@type\":\"SearchAction\",\"target\":{\"@type\":\"EntryPoint\",\"urlTemplate\":\"https:\/\/epopaigaldus.ee\/?s={search_term_string}\"},\"query-input\":{\"@type\":\"PropertyValueSpecification\",\"valueRequired\":true,\"valueName\":\"search_term_string\"}}],\"inLanguage\":\"ru-RU\"}]}<\/script>\n<!-- \/ Yoast SEO plugin. -->","yoast_head_json":{"title":"\u042d\u043f\u043e\u043a\u0441\u0438\u0434\u043d\u044b\u0435 \u043f\u043e\u043b\u044b. \u041f\u0440\u043e\u0434\u0430\u0436\u0430, \u043c\u043e\u043d\u0442\u0430\u0436 \u0438 \u0440\u0435\u043c\u043e\u043d\u0442","description":"Epo Paigaldus O\u00dc \u0437\u0430\u043d\u0438\u043c\u0430\u0435\u0442\u0441\u044f \u043f\u0440\u043e\u0434\u0430\u0436\u0435\u0439, \u0443\u043a\u043b\u0430\u0434\u043a\u043e\u0439 \u0438 \u0440\u0435\u043a\u043e\u043d\u0441\u0442\u0440\u0443\u043a\u0446\u0438\u0435\u0439 \u044d\u043f\u043e\u043a\u0441\u0438\u0434\u043d\u044b\u0445 \u043f\u043e\u043b\u043e\u0432, \u0430 \u0442\u0430\u043a\u0436\u0435 \u0440\u0430\u0431\u043e\u0442\u0430\u043c\u0438 \u043f\u043e \u0437\u0430\u043b\u0438\u0432\u043a\u0435 \u0438 \u0432\u044b\u0440\u0430\u0432\u043d\u0438\u0432\u0430\u043d\u0438\u044e \u043f\u043e\u043b\u043e\u0432.","robots":{"index":"index","follow":"follow","max-snippet":"max-snippet:-1","max-image-preview":"max-image-preview:large","max-video-preview":"max-video-preview:-1"},"canonical":"https:\/\/epopaigaldus.ee\/ru\/","og_locale":"ru_RU","og_type":"article","og_title":"\u042d\u043f\u043e\u043a\u0441\u0438\u0434\u043d\u044b\u0435 \u043f\u043e\u043b\u044b. \u041f\u0440\u043e\u0434\u0430\u0436\u0430, \u043c\u043e\u043d\u0442\u0430\u0436 \u0438 \u0440\u0435\u043c\u043e\u043d\u0442","og_description":"Epo Paigaldus O\u00dc \u0437\u0430\u043d\u0438\u043c\u0430\u0435\u0442\u0441\u044f \u043f\u0440\u043e\u0434\u0430\u0436\u0435\u0439, \u0443\u043a\u043b\u0430\u0434\u043a\u043e\u0439 \u0438 \u0440\u0435\u043a\u043e\u043d\u0441\u0442\u0440\u0443\u043a\u0446\u0438\u0435\u0439 \u044d\u043f\u043e\u043a\u0441\u0438\u0434\u043d\u044b\u0445 \u043f\u043e\u043b\u043e\u0432, \u0430 \u0442\u0430\u043a\u0436\u0435 \u0440\u0430\u0431\u043e\u0442\u0430\u043c\u0438 \u043f\u043e \u0437\u0430\u043b\u0438\u0432\u043a\u0435 \u0438 \u0432\u044b\u0440\u0430\u0432\u043d\u0438\u0432\u0430\u043d\u0438\u044e \u043f\u043e\u043b\u043e\u0432.","og_url":"https:\/\/epopaigaldus.ee\/ru\/","og_site_name":"Epop&otilde;randad ja paigaldus","article_modified_time":"2021-07-05T18:42:36+00:00","twitter_card":"summary_large_image","twitter_misc":{"\u041f\u0440\u0438\u043c\u0435\u0440\u043d\u043e\u0435 \u0432\u0440\u0435\u043c\u044f \u0434\u043b\u044f \u0447\u0442\u0435\u043d\u0438\u044f":"2 \u043c\u0438\u043d\u0443\u0442\u044b"},"schema":{"@context":"https:\/\/schema.org","@graph":[{"@type":"WebPage","@id":"https:\/\/epopaigaldus.ee\/ru\/","url":"https:\/\/epopaigaldus.ee\/ru\/","name":"\u042d\u043f\u043e\u043a\u0441\u0438\u0434\u043d\u044b\u0435 \u043f\u043e\u043b\u044b. \u041f\u0440\u043e\u0434\u0430\u0436\u0430, \u043c\u043e\u043d\u0442\u0430\u0436 \u0438 \u0440\u0435\u043c\u043e\u043d\u0442","isPartOf":{"@id":"https:\/\/epopaigaldus.ee\/#website"},"datePublished":"2014-08-28T22:32:00+00:00","dateModified":"2021-07-05T18:42:36+00:00","description":"Epo Paigaldus O\u00dc \u0437\u0430\u043d\u0438\u043c\u0430\u0435\u0442\u0441\u044f \u043f\u0440\u043e\u0434\u0430\u0436\u0435\u0439, \u0443\u043a\u043b\u0430\u0434\u043a\u043e\u0439 \u0438 \u0440\u0435\u043a\u043e\u043d\u0441\u0442\u0440\u0443\u043a\u0446\u0438\u0435\u0439 \u044d\u043f\u043e\u043a\u0441\u0438\u0434\u043d\u044b\u0445 \u043f\u043e\u043b\u043e\u0432, \u0430 \u0442\u0430\u043a\u0436\u0435 \u0440\u0430\u0431\u043e\u0442\u0430\u043c\u0438 \u043f\u043e \u0437\u0430\u043b\u0438\u0432\u043a\u0435 \u0438 \u0432\u044b\u0440\u0430\u0432\u043d\u0438\u0432\u0430\u043d\u0438\u044e \u043f\u043e\u043b\u043e\u0432.","breadcrumb":{"@id":"https:\/\/epopaigaldus.ee\/ru\/#breadcrumb"},"inLanguage":"ru-RU","potentialAction":[{"@type":"ReadAction","target":["https:\/\/epopaigaldus.ee\/ru\/"]}]},{"@type":"BreadcrumbList","@id":"https:\/\/epopaigaldus.ee\/ru\/#breadcrumb","itemListElement":[{"@type":"ListItem","position":1,"name":"Home","item":"https:\/\/epopaigaldus.ee\/ru\/"},{"@type":"ListItem","position":2,"name":"\u0413\u043b\u0430\u0432\u043d\u0430\u044f"}]},{"@type":"WebSite","@id":"https:\/\/epopaigaldus.ee\/#website","url":"https:\/\/epopaigaldus.ee\/","name":"Epop&otilde;randad ja paigaldus","description":"Kvaliteetsete epop&otilde;randate m&uuml;&uuml;k, epopaigaldus ja renoveerimimine","potentialAction":[{"@type":"SearchAction","target":{"@type":"EntryPoint","urlTemplate":"https:\/\/epopaigaldus.ee\/?s={search_term_string}"},"query-input":{"@type":"PropertyValueSpecification","valueRequired":true,"valueName":"search_term_string"}}],"inLanguage":"ru-RU"}]}},"_links":{"self":[{"href":"https:\/\/epopaigaldus.ee\/ru\/wp-json\/wp\/v2\/pages\/671","targetHints":{"allow":["GET"]}}],"collection":[{"href":"https:\/\/epopaigaldus.ee\/ru\/wp-json\/wp\/v2\/pages"}],"about":[{"href":"https:\/\/epopaigaldus.ee\/ru\/wp-json\/wp\/v2\/types\/page"}],"author":[{"embeddable":true,"href":"https:\/\/epopaigaldus.ee\/ru\/wp-json\/wp\/v2\/users\/1"}],"replies":[{"embeddable":true,"href":"https:\/\/epopaigaldus.ee\/ru\/wp-json\/wp\/v2\/comments?post=671"}],"version-history":[{"count":9,"href":"https:\/\/epopaigaldus.ee\/ru\/wp-json\/wp\/v2\/pages\/671\/revisions"}],"predecessor-version":[{"id":1127,"href":"https:\/\/epopaigaldus.ee\/ru\/wp-json\/wp\/v2\/pages\/671\/revisions\/1127"}],"wp:attachment":[{"href":"https:\/\/epopaigaldus.ee\/ru\/wp-json\/wp\/v2\/media?parent=671"}],"curies":[{"name":"wp","href":"https:\/\/api.w.org\/{rel}","templated":true}]}}