{"id":669,"date":"2014-08-29T02:09:43","date_gmt":"2014-08-28T23:09:43","guid":{"rendered":"http:\/\/epopaigaldus.ee\/uus2016\/kontakt\/?lang=ru"},"modified":"2021-07-05T21:34:06","modified_gmt":"2021-07-05T18:34:06","slug":"%d0%ba%d0%be%d0%bd%d1%82%d0%b0%d0%ba%d1%82","status":"publish","type":"page","link":"https:\/\/epopaigaldus.ee\/ru\/%d0%ba%d0%be%d0%bd%d1%82%d0%b0%d0%ba%d1%82\/","title":{"rendered":"\u041a\u043e\u043d\u0442\u0430\u043a\u0442"},"content":{"rendered":"<div id='av_section_1'  class='avia-section main_color avia-section-large avia-no-border-styling  avia-full-stretch av-parallax-section av-section-color-overlay-active avia-bg-style-parallax  avia-builder-el-0  el_before_av_heading  avia-builder-el-first  slider  container_wrap sidebar_right' style=' '  data-section-bg-repeat='stretch'><div class='av-parallax' data-avia-parallax-ratio='0.3' ><div class='av-parallax-inner main_color  avia-full-stretch' style = 'background-repeat: no-repeat; background-image: url(https:\/\/epopaigaldus.ee\/wp-content\/uploads\/2016\/03\/MAIN_7-1500x630.jpg);background-attachment: scroll; background-position: bottom center; ' ><\/div><\/div><div class='av-section-color-overlay-wrap'><div class='av-section-color-overlay' style='opacity: 0.5; background-image: url(https:\/\/epopaigaldus.ee\/wp-content\/themes\/enfold\/images\/background-images\/diagonal-bold-light.png); background-repeat: repeat;'><\/div><div class='container' ><main  role=\"main\" itemprop=\"mainContentOfPage\"  class='template-page content  av-content-small alpha units'><div class='post-entry post-entry-type-page post-entry-669'><div class='entry-content-wrapper clearfix'>\n<div  style='padding-bottom:40px; color:#ffffff;font-size:63px;' class='av-special-heading av-special-heading-h2 custom-color-heading blockquote modern-quote  avia-builder-el-1  avia-builder-el-no-sibling  av-inherit-size '><h2 class='av-special-heading-tag '  itemprop=\"headline\"  >\u041a\u043e\u043d\u0442\u0430\u043a\u0442<\/h2><div class ='av-subheading av-subheading_below av_custom_color ' style='font-size:20px;'><p>\u043f\u0440\u043e\u0434\u0430\u0436\u0430, \u043c\u043e\u043d\u0442\u0430\u0436 \u0438 \u0440\u0435\u043c\u043e\u043d\u0442 \u044d\u043f\u043e\u043a\u0441\u0438\u0434\u043d\u044b\u0445 \u043f\u043e\u043b\u043e\u0432<\/p>\n<\/div><div class='special-heading-border'><div class='special-heading-inner-border' style='border-color:#ffffff'><\/div><\/div><\/div>\n<\/div><\/div><\/main><!-- close content main element --><\/div><\/div><\/div><div id='after_section_1'  class='main_color av_default_container_wrap container_wrap sidebar_right' style=' '  ><div class='container' ><div class='template-page content  av-content-small alpha units'><div class='post-entry post-entry-type-page post-entry-669'><div class='entry-content-wrapper clearfix'>\n<div  style='padding-bottom:10px; ' class='av-special-heading av-special-heading-h2  blockquote modern-quote modern-centered  avia-builder-el-2  el_after_av_section  el_before_av_one_half  avia-builder-el-first  '><h2 class='av-special-heading-tag '  itemprop=\"headline\"  >Epo Paigaldus O\u00dc<\/h2><div class='special-heading-border'><div class='special-heading-inner-border' ><\/div><\/div><\/div>\n<div class=\"flex_column av_one_half  flex_column_div av-zero-column-padding first  avia-builder-el-3  el_after_av_heading  el_before_av_one_half  kontaktinfo \" style='border-radius:0px; '><section class=\"av_textblock_section \"  itemscope=\"itemscope\" itemtype=\"https:\/\/schema.org\/CreativeWork\" ><div class='avia_textblock  '   itemprop=\"text\" ><p style=\"text-align: right;\">\u041c\u0435\u043d\u0435\u0434\u0436\u0435\u0440: Kristjan Surva<br \/>\n<a href=\"mailto:info@epopaigaldus.ee\">info@epopaigaldus.ee<\/a><br \/>\n+372 5620 6899<br \/>\nKalda 6-5, Keila, 76608<\/p>\n<div id=\"spoon-plugin-kncgbdglledmjmpnikebkagnchfdehbm-2\" style=\"display: none;\"><\/div>\n<\/div><\/section><\/div>\n<div class=\"flex_column av_one_half  flex_column_div av-zero-column-padding   avia-builder-el-5  el_after_av_one_half  el_before_av_contact  \" style='border-radius:0px; '><section class=\"av_textblock_section \"  itemscope=\"itemscope\" itemtype=\"https:\/\/schema.org\/CreativeWork\" ><div class='avia_textblock  '   itemprop=\"text\" ><p>Reg: 12579169<br \/>\nKMKR: EE101698528<br \/>\nKonto: EE717700771001534299<br \/>\nBIC\/SWIFT: LHVBEE22<\/p>\n<\/div><\/section><\/div>\n<form action=\"https:\/\/epopaigaldus.ee\/ru\/%d0%ba%d0%be%d0%bd%d1%82%d0%b0%d0%ba%d1%82\/\" method=\"post\"  class=\"avia_ajax_form av-form-labels-visible   avia-builder-el-7  el_after_av_one_half  el_before_av_leaflet_map  avia-builder-el-last   \" data-avia-form-id=\"1\" data-avia-redirect='' ><fieldset><p class='  first_form  form_element form_element_half' id='element_avia_1_1'><label for=\"avia_1_1\">Nimi <abbr class=\"required\" title=\"\u0442\u0440\u0435\u0431\u0443\u0435\u0442\u0441\u044f\">*<\/abbr><\/label> <input name=\"avia_1_1\" class=\"text_input is_empty\" type=\"text\" id=\"avia_1_1\" value=\"\" \/><\/p><p class='  form_element form_element_half' id='element_avia_2_1'><label for=\"avia_2_1\">E-Mail <abbr class=\"required\" title=\"\u0442\u0440\u0435\u0431\u0443\u0435\u0442\u0441\u044f\">*<\/abbr><\/label> <input name=\"avia_2_1\" class=\"text_input is_email\" type=\"text\" id=\"avia_2_1\" value=\"\" \/><\/p><p class='  first_form  form_element form_element_third' id='element_avia_3_1'><label for=\"avia_3_1\">~m2 <abbr class=\"required\" title=\"\u0442\u0440\u0435\u0431\u0443\u0435\u0442\u0441\u044f\">*<\/abbr><\/label> <input name=\"avia_3_1\" class=\"text_input is_empty\" type=\"text\" id=\"avia_3_1\" value=\"\" \/><\/p><p class='  form_element form_element_third' id='element_avia_4_1'><label for=\"avia_4_1\">Asukoht v\u00f5i aadress <abbr class=\"required\" title=\"\u0442\u0440\u0435\u0431\u0443\u0435\u0442\u0441\u044f\">*<\/abbr><\/label> <input name=\"avia_4_1\" class=\"text_input is_empty\" type=\"text\" id=\"avia_4_1\" value=\"\" \/><\/p><p class=' form_element form_element_third' id='element_avia_5_1'><label for=\"avia_5_1\">Milline p\u00f5rand? <abbr class=\"required\" title=\"\u0442\u0440\u0435\u0431\u0443\u0435\u0442\u0441\u044f\">*<\/abbr><\/label> <select  name=\"avia_5_1\" class=\"select is_empty\" id=\"avia_5_1\"><option  value ='garaa\u017e'>garaa\u017e<\/option><option  value ='ladu'>ladu<\/option><option  value ='kontor'>kontor<\/option><option  value ='tootmisruum'>tootmisruum<\/option><option  value ='t\u00f6\u00f6stusruum'>t\u00f6\u00f6stusruum<\/option><option  value ='abiruum'>abiruum<\/option><option  value ='k\u00f6\u00f6k'>k\u00f6\u00f6k<\/option><option  value ='saun'>saun<\/option><option  value ='vannituba'>vannituba<\/option><option  value ='wc'>wc<\/option><option  value ='trepp'>trepp<\/option><option  value ='terrass'>terrass<\/option><option  value ='kauplus'>kauplus<\/option><option  value ='muu'>muu<\/option><\/select><\/p><p class='  first_form  form_element form_fullwidth av-last-visible-form-element' id='element_avia_6_1'><label for=\"avia_6_1\" class=\"textare_label hidden textare_label_avia_6_1\">Teade <abbr class=\"required\" title=\"\u0442\u0440\u0435\u0431\u0443\u0435\u0442\u0441\u044f\">*<\/abbr><\/label><textarea  name=\"avia_6_1\" class=\"text_area is_empty\" cols=\"40\" rows=\"7\" id=\"avia_6_1\" ><\/textarea><\/p><p class=\"hidden\"><input type=\"text\" name=\"avia_7_1\" class=\"hidden \" id=\"avia_7_1\" value=\"\" \/><\/p><p class=\"form_element \"><input type=\"hidden\" value=\"1\" name=\"avia_generated_form1\" \/><input type=\"submit\" value=\"Saada kiri\" class=\"button\"  data-sending-label=\"\u041e\u0442\u043f\u0440\u0430\u0432\u043a\u0430\"\/><\/p><\/fieldset><\/form><div id=\"ajaxresponse_1\" class=\"ajaxresponse ajaxresponse_1 hidden\"><\/div>\n<div  class='av_leaflet_sc_main_wrap av_leaflet_main_wrap '><div id='avia-leaflet-map-1' class='avia-leaflet-map-container avia-leaflet-map-sc  avia-grayscale-25 ' ><div class=\"leaflet-map WPLeafletMap\" style=\"height:350px; width:100%;\"><\/div><script>\nwindow.WPLeafletMapPlugin = window.WPLeafletMapPlugin || [];\nwindow.WPLeafletMapPlugin.push(function WPLeafletMapShortcode() {\/*<script>*\/\nvar baseUrl = atob('aHR0cHM6Ly97c30udGlsZS5vcGVuc3RyZWV0bWFwLm9yZy97en0ve3h9L3t5fS5wbmc=');\nvar base = (!baseUrl && window.MQ) ?\n    window.MQ.mapLayer() : L.tileLayer(baseUrl,\n        L.Util.extend({}, {\n            detectRetina: 0,\n        },\n        {\"subdomains\":\"abc\",\"noWrap\":false,\"maxZoom\":13}        )\n    );\n    var options = L.Util.extend({}, {\n        layers: [base],\n        attributionControl: false\n    },\n    {\"closePopupOnClick\":false,\"dragging\":true,\"keyboard\":true,\"tap\":false,\"zoomControl\":false,\"scrollWheelZoom\":true,\"doubleClickZoom\":false,\"fitBounds\":true,\"minZoom\":8,\"maxZoom\":13,\"maxBounds\":null,\"attribution\":\"<a href=\\\"http:\\\/\\\/leafletjs.com\\\" title=\\\"JS-\\u0431\\u0438\\u0431\\u043b\\u0438\\u043e\\u0442\\u0435\\u043a\\u0430 \\u0434\\u043b\\u044f \\u0438\\u043d\\u0442\\u0435\\u0440\\u0430\\u043a\\u0442\\u0438\\u0432\\u043d\\u044b\\u0445 \\u043a\\u0430\\u0440\\u0442\\\">Leaflet<\\\/a>; \\u00a9 <a href=\\\"http:\\\/\\\/www.openstreetmap.org\\\/copyright\\\">OpenStreetMap<\\\/a> \\u0441\\u043e\\u0441\\u0442\\u0430\\u0432\\u0438\\u0442\\u0435\\u043b\\u0438\"},\n    {});\nwindow.WPLeafletMapPlugin.createMap(options).setView([44.67,-63.61],12);window.WPLeafletMapPlugin.createScale({});});<\/script><script>\nwindow.WPLeafletMapPlugin = window.WPLeafletMapPlugin || [];\nwindow.WPLeafletMapPlugin.push(function WPLeafletMarkerShortcode() {\/*<script>*\/\nvar map = window.WPLeafletMapPlugin.getCurrentMap();\nvar group = window.WPLeafletMapPlugin.getCurrentGroup();\nvar marker_options = window.WPLeafletMapPlugin.getIconOptions({\"draggable\":true});\nvar marker = L.marker(\n    [59.3085245,24.432322],\n    marker_options\n);\nvar is_image = map.is_image_map;\nif (marker_options.draggable) {\n    marker.on('dragend', function () {\n        var latlng = this.getLatLng();\n        var lat = latlng.lat;\n        var lng = latlng.lng;\n        if (is_image) {\n            console.log('leaflet-marker y=' + lat + ' x=' + lng);\n        } else {\n            console.log('leaflet-marker lat=' + lat + ' lng=' + lng);\n        }\n    });\n}\nmarker.addTo( group );\nmarker.bindPopup(window.WPLeafletMapPlugin.unescape('Kalda 6-5, Keila'));window.WPLeafletMapPlugin.markers.push( marker );\n        });<\/script><\/div><\/div>\n","protected":false},"excerpt":{"rendered":"","protected":false},"author":1,"featured_media":0,"parent":0,"menu_order":0,"comment_status":"open","ping_status":"open","template":"","meta":{"footnotes":""},"class_list":["post-669","page","type-page","status-publish","hentry"],"yoast_head":"<!-- This site is optimized with the Yoast SEO plugin v24.6 - https:\/\/yoast.com\/wordpress\/plugins\/seo\/ -->\n<title>Epo Paigaldus O\u00dc - \u042d\u043f\u043e\u043a\u0441\u0438\u0434\u043d\u044b\u0435 \u043f\u043e\u043b\u044b<\/title>\n<meta name=\"description\" content=\"Epo Paigaldus O\u00dc \u0437\u0430\u043d\u0438\u043c\u0430\u0435\u0442\u0441\u044f \u043f\u0440\u043e\u0434\u0430\u0436\u0435\u0439, \u0443\u043a\u043b\u0430\u0434\u043a\u043e\u0439 \u0438 \u0440\u0435\u043a\u043e\u043d\u0441\u0442\u0440\u0443\u043a\u0446\u0438\u0435\u0439 \u044d\u043f\u043e\u043a\u0441\u0438\u0434\u043d\u044b\u0445 \u043f\u043e\u043b\u043e\u0432, \u0430 \u0442\u0430\u043a\u0436\u0435 \u0440\u0430\u0431\u043e\u0442\u0430\u043c\u0438 \u043f\u043e \u0437\u0430\u043b\u0438\u0432\u043a\u0435 \u0438 \u0432\u044b\u0440\u0430\u0432\u043d\u0438\u0432\u0430\u043d\u0438\u044e \u043f\u043e\u043b\u043e\u0432.\" \/>\n<meta name=\"robots\" content=\"index, follow, max-snippet:-1, max-image-preview:large, max-video-preview:-1\" \/>\n<link rel=\"canonical\" href=\"https:\/\/epopaigaldus.ee\/ru\/\u043a\u043e\u043d\u0442\u0430\u043a\u0442\/\" \/>\n<meta property=\"og:locale\" content=\"ru_RU\" \/>\n<meta property=\"og:type\" content=\"article\" \/>\n<meta property=\"og:title\" content=\"Epo Paigaldus O\u00dc - \u042d\u043f\u043e\u043a\u0441\u0438\u0434\u043d\u044b\u0435 \u043f\u043e\u043b\u044b\" \/>\n<meta property=\"og:description\" content=\"Epo Paigaldus O\u00dc \u0437\u0430\u043d\u0438\u043c\u0430\u0435\u0442\u0441\u044f \u043f\u0440\u043e\u0434\u0430\u0436\u0435\u0439, \u0443\u043a\u043b\u0430\u0434\u043a\u043e\u0439 \u0438 \u0440\u0435\u043a\u043e\u043d\u0441\u0442\u0440\u0443\u043a\u0446\u0438\u0435\u0439 \u044d\u043f\u043e\u043a\u0441\u0438\u0434\u043d\u044b\u0445 \u043f\u043e\u043b\u043e\u0432, \u0430 \u0442\u0430\u043a\u0436\u0435 \u0440\u0430\u0431\u043e\u0442\u0430\u043c\u0438 \u043f\u043e \u0437\u0430\u043b\u0438\u0432\u043a\u0435 \u0438 \u0432\u044b\u0440\u0430\u0432\u043d\u0438\u0432\u0430\u043d\u0438\u044e \u043f\u043e\u043b\u043e\u0432.\" \/>\n<meta property=\"og:url\" content=\"https:\/\/epopaigaldus.ee\/ru\/\u043a\u043e\u043d\u0442\u0430\u043a\u0442\/\" \/>\n<meta property=\"og:site_name\" content=\"Epop&otilde;randad ja paigaldus\" \/>\n<meta property=\"article:modified_time\" content=\"2021-07-05T18:34:06+00:00\" \/>\n<meta name=\"twitter:card\" content=\"summary_large_image\" \/>\n<meta name=\"twitter:label1\" content=\"\u041f\u0440\u0438\u043c\u0435\u0440\u043d\u043e\u0435 \u0432\u0440\u0435\u043c\u044f \u0434\u043b\u044f \u0447\u0442\u0435\u043d\u0438\u044f\" \/>\n\t<meta name=\"twitter:data1\" content=\"2 \u043c\u0438\u043d\u0443\u0442\u044b\" \/>\n<script type=\"application\/ld+json\" class=\"yoast-schema-graph\">{\"@context\":\"https:\/\/schema.org\",\"@graph\":[{\"@type\":\"WebPage\",\"@id\":\"https:\/\/epopaigaldus.ee\/ru\/%d0%ba%d0%be%d0%bd%d1%82%d0%b0%d0%ba%d1%82\/\",\"url\":\"https:\/\/epopaigaldus.ee\/ru\/%d0%ba%d0%be%d0%bd%d1%82%d0%b0%d0%ba%d1%82\/\",\"name\":\"Epo Paigaldus O\u00dc - \u042d\u043f\u043e\u043a\u0441\u0438\u0434\u043d\u044b\u0435 \u043f\u043e\u043b\u044b\",\"isPartOf\":{\"@id\":\"https:\/\/epopaigaldus.ee\/#website\"},\"datePublished\":\"2014-08-28T23:09:43+00:00\",\"dateModified\":\"2021-07-05T18:34:06+00:00\",\"description\":\"Epo Paigaldus O\u00dc \u0437\u0430\u043d\u0438\u043c\u0430\u0435\u0442\u0441\u044f \u043f\u0440\u043e\u0434\u0430\u0436\u0435\u0439, \u0443\u043a\u043b\u0430\u0434\u043a\u043e\u0439 \u0438 \u0440\u0435\u043a\u043e\u043d\u0441\u0442\u0440\u0443\u043a\u0446\u0438\u0435\u0439 \u044d\u043f\u043e\u043a\u0441\u0438\u0434\u043d\u044b\u0445 \u043f\u043e\u043b\u043e\u0432, \u0430 \u0442\u0430\u043a\u0436\u0435 \u0440\u0430\u0431\u043e\u0442\u0430\u043c\u0438 \u043f\u043e \u0437\u0430\u043b\u0438\u0432\u043a\u0435 \u0438 \u0432\u044b\u0440\u0430\u0432\u043d\u0438\u0432\u0430\u043d\u0438\u044e \u043f\u043e\u043b\u043e\u0432.\",\"breadcrumb\":{\"@id\":\"https:\/\/epopaigaldus.ee\/ru\/%d0%ba%d0%be%d0%bd%d1%82%d0%b0%d0%ba%d1%82\/#breadcrumb\"},\"inLanguage\":\"ru-RU\",\"potentialAction\":[{\"@type\":\"ReadAction\",\"target\":[\"https:\/\/epopaigaldus.ee\/ru\/%d0%ba%d0%be%d0%bd%d1%82%d0%b0%d0%ba%d1%82\/\"]}]},{\"@type\":\"BreadcrumbList\",\"@id\":\"https:\/\/epopaigaldus.ee\/ru\/%d0%ba%d0%be%d0%bd%d1%82%d0%b0%d0%ba%d1%82\/#breadcrumb\",\"itemListElement\":[{\"@type\":\"ListItem\",\"position\":1,\"name\":\"Home\",\"item\":\"https:\/\/epopaigaldus.ee\/ru\/\"},{\"@type\":\"ListItem\",\"position\":2,\"name\":\"\u041a\u043e\u043d\u0442\u0430\u043a\u0442\"}]},{\"@type\":\"WebSite\",\"@id\":\"https:\/\/epopaigaldus.ee\/#website\",\"url\":\"https:\/\/epopaigaldus.ee\/\",\"name\":\"Epop&otilde;randad ja paigaldus\",\"description\":\"Kvaliteetsete epop&otilde;randate m&uuml;&uuml;k, epopaigaldus ja renoveerimimine\",\"potentialAction\":[{\"@type\":\"SearchAction\",\"target\":{\"@type\":\"EntryPoint\",\"urlTemplate\":\"https:\/\/epopaigaldus.ee\/?s={search_term_string}\"},\"query-input\":{\"@type\":\"PropertyValueSpecification\",\"valueRequired\":true,\"valueName\":\"search_term_string\"}}],\"inLanguage\":\"ru-RU\"}]}<\/script>\n<!-- \/ Yoast SEO plugin. -->","yoast_head_json":{"title":"Epo Paigaldus O\u00dc - \u042d\u043f\u043e\u043a\u0441\u0438\u0434\u043d\u044b\u0435 \u043f\u043e\u043b\u044b","description":"Epo Paigaldus O\u00dc \u0437\u0430\u043d\u0438\u043c\u0430\u0435\u0442\u0441\u044f \u043f\u0440\u043e\u0434\u0430\u0436\u0435\u0439, \u0443\u043a\u043b\u0430\u0434\u043a\u043e\u0439 \u0438 \u0440\u0435\u043a\u043e\u043d\u0441\u0442\u0440\u0443\u043a\u0446\u0438\u0435\u0439 \u044d\u043f\u043e\u043a\u0441\u0438\u0434\u043d\u044b\u0445 \u043f\u043e\u043b\u043e\u0432, \u0430 \u0442\u0430\u043a\u0436\u0435 \u0440\u0430\u0431\u043e\u0442\u0430\u043c\u0438 \u043f\u043e \u0437\u0430\u043b\u0438\u0432\u043a\u0435 \u0438 \u0432\u044b\u0440\u0430\u0432\u043d\u0438\u0432\u0430\u043d\u0438\u044e \u043f\u043e\u043b\u043e\u0432.","robots":{"index":"index","follow":"follow","max-snippet":"max-snippet:-1","max-image-preview":"max-image-preview:large","max-video-preview":"max-video-preview:-1"},"canonical":"https:\/\/epopaigaldus.ee\/ru\/\u043a\u043e\u043d\u0442\u0430\u043a\u0442\/","og_locale":"ru_RU","og_type":"article","og_title":"Epo Paigaldus O\u00dc - \u042d\u043f\u043e\u043a\u0441\u0438\u0434\u043d\u044b\u0435 \u043f\u043e\u043b\u044b","og_description":"Epo Paigaldus O\u00dc \u0437\u0430\u043d\u0438\u043c\u0430\u0435\u0442\u0441\u044f \u043f\u0440\u043e\u0434\u0430\u0436\u0435\u0439, \u0443\u043a\u043b\u0430\u0434\u043a\u043e\u0439 \u0438 \u0440\u0435\u043a\u043e\u043d\u0441\u0442\u0440\u0443\u043a\u0446\u0438\u0435\u0439 \u044d\u043f\u043e\u043a\u0441\u0438\u0434\u043d\u044b\u0445 \u043f\u043e\u043b\u043e\u0432, \u0430 \u0442\u0430\u043a\u0436\u0435 \u0440\u0430\u0431\u043e\u0442\u0430\u043c\u0438 \u043f\u043e \u0437\u0430\u043b\u0438\u0432\u043a\u0435 \u0438 \u0432\u044b\u0440\u0430\u0432\u043d\u0438\u0432\u0430\u043d\u0438\u044e \u043f\u043e\u043b\u043e\u0432.","og_url":"https:\/\/epopaigaldus.ee\/ru\/\u043a\u043e\u043d\u0442\u0430\u043a\u0442\/","og_site_name":"Epop&otilde;randad ja paigaldus","article_modified_time":"2021-07-05T18:34:06+00:00","twitter_card":"summary_large_image","twitter_misc":{"\u041f\u0440\u0438\u043c\u0435\u0440\u043d\u043e\u0435 \u0432\u0440\u0435\u043c\u044f \u0434\u043b\u044f \u0447\u0442\u0435\u043d\u0438\u044f":"2 \u043c\u0438\u043d\u0443\u0442\u044b"},"schema":{"@context":"https:\/\/schema.org","@graph":[{"@type":"WebPage","@id":"https:\/\/epopaigaldus.ee\/ru\/%d0%ba%d0%be%d0%bd%d1%82%d0%b0%d0%ba%d1%82\/","url":"https:\/\/epopaigaldus.ee\/ru\/%d0%ba%d0%be%d0%bd%d1%82%d0%b0%d0%ba%d1%82\/","name":"Epo Paigaldus O\u00dc - \u042d\u043f\u043e\u043a\u0441\u0438\u0434\u043d\u044b\u0435 \u043f\u043e\u043b\u044b","isPartOf":{"@id":"https:\/\/epopaigaldus.ee\/#website"},"datePublished":"2014-08-28T23:09:43+00:00","dateModified":"2021-07-05T18:34:06+00:00","description":"Epo Paigaldus O\u00dc \u0437\u0430\u043d\u0438\u043c\u0430\u0435\u0442\u0441\u044f \u043f\u0440\u043e\u0434\u0430\u0436\u0435\u0439, \u0443\u043a\u043b\u0430\u0434\u043a\u043e\u0439 \u0438 \u0440\u0435\u043a\u043e\u043d\u0441\u0442\u0440\u0443\u043a\u0446\u0438\u0435\u0439 \u044d\u043f\u043e\u043a\u0441\u0438\u0434\u043d\u044b\u0445 \u043f\u043e\u043b\u043e\u0432, \u0430 \u0442\u0430\u043a\u0436\u0435 \u0440\u0430\u0431\u043e\u0442\u0430\u043c\u0438 \u043f\u043e \u0437\u0430\u043b\u0438\u0432\u043a\u0435 \u0438 \u0432\u044b\u0440\u0430\u0432\u043d\u0438\u0432\u0430\u043d\u0438\u044e \u043f\u043e\u043b\u043e\u0432.","breadcrumb":{"@id":"https:\/\/epopaigaldus.ee\/ru\/%d0%ba%d0%be%d0%bd%d1%82%d0%b0%d0%ba%d1%82\/#breadcrumb"},"inLanguage":"ru-RU","potentialAction":[{"@type":"ReadAction","target":["https:\/\/epopaigaldus.ee\/ru\/%d0%ba%d0%be%d0%bd%d1%82%d0%b0%d0%ba%d1%82\/"]}]},{"@type":"BreadcrumbList","@id":"https:\/\/epopaigaldus.ee\/ru\/%d0%ba%d0%be%d0%bd%d1%82%d0%b0%d0%ba%d1%82\/#breadcrumb","itemListElement":[{"@type":"ListItem","position":1,"name":"Home","item":"https:\/\/epopaigaldus.ee\/ru\/"},{"@type":"ListItem","position":2,"name":"\u041a\u043e\u043d\u0442\u0430\u043a\u0442"}]},{"@type":"WebSite","@id":"https:\/\/epopaigaldus.ee\/#website","url":"https:\/\/epopaigaldus.ee\/","name":"Epop&otilde;randad ja paigaldus","description":"Kvaliteetsete epop&otilde;randate m&uuml;&uuml;k, epopaigaldus ja renoveerimimine","potentialAction":[{"@type":"SearchAction","target":{"@type":"EntryPoint","urlTemplate":"https:\/\/epopaigaldus.ee\/?s={search_term_string}"},"query-input":{"@type":"PropertyValueSpecification","valueRequired":true,"valueName":"search_term_string"}}],"inLanguage":"ru-RU"}]}},"_links":{"self":[{"href":"https:\/\/epopaigaldus.ee\/ru\/wp-json\/wp\/v2\/pages\/669","targetHints":{"allow":["GET"]}}],"collection":[{"href":"https:\/\/epopaigaldus.ee\/ru\/wp-json\/wp\/v2\/pages"}],"about":[{"href":"https:\/\/epopaigaldus.ee\/ru\/wp-json\/wp\/v2\/types\/page"}],"author":[{"embeddable":true,"href":"https:\/\/epopaigaldus.ee\/ru\/wp-json\/wp\/v2\/users\/1"}],"replies":[{"embeddable":true,"href":"https:\/\/epopaigaldus.ee\/ru\/wp-json\/wp\/v2\/comments?post=669"}],"version-history":[{"count":7,"href":"https:\/\/epopaigaldus.ee\/ru\/wp-json\/wp\/v2\/pages\/669\/revisions"}],"predecessor-version":[{"id":1115,"href":"https:\/\/epopaigaldus.ee\/ru\/wp-json\/wp\/v2\/pages\/669\/revisions\/1115"}],"wp:attachment":[{"href":"https:\/\/epopaigaldus.ee\/ru\/wp-json\/wp\/v2\/media?parent=669"}],"curies":[{"name":"wp","href":"https:\/\/api.w.org\/{rel}","templated":true}]}}