{"id":670,"date":"2014-08-29T02:09:43","date_gmt":"2014-08-29T02:09:43","guid":{"rendered":"http:\/\/epopaigaldus.ee\/uus2016\/kontakt\/?lang=en"},"modified":"2021-07-05T21:34:52","modified_gmt":"2021-07-05T18:34:52","slug":"contact","status":"publish","type":"page","link":"https:\/\/epopaigaldus.ee\/en\/contact\/","title":{"rendered":"Contact"},"content":{"rendered":"<div id='av_section_1'  class='avia-section main_color avia-section-large avia-no-border-styling  avia-full-stretch av-parallax-section av-section-color-overlay-active avia-bg-style-parallax  avia-builder-el-0  el_before_av_heading  avia-builder-el-first  slider  container_wrap sidebar_right' style=' '  data-section-bg-repeat='stretch'><div class='av-parallax' data-avia-parallax-ratio='0.3' ><div class='av-parallax-inner main_color  avia-full-stretch' style = 'background-repeat: no-repeat; background-image: url(https:\/\/epopaigaldus.ee\/wp-content\/uploads\/2016\/03\/MAIN_7-1500x630.jpg);background-attachment: scroll; background-position: bottom center; ' ><\/div><\/div><div class='av-section-color-overlay-wrap'><div class='av-section-color-overlay' style='opacity: 0.5; background-image: url(https:\/\/epopaigaldus.ee\/wp-content\/themes\/enfold\/images\/background-images\/diagonal-bold-light.png); background-repeat: repeat;'><\/div><div class='container' ><main  role=\"main\" itemprop=\"mainContentOfPage\"  class='template-page content  av-content-small alpha units'><div class='post-entry post-entry-type-page post-entry-670'><div class='entry-content-wrapper clearfix'>\n<div  style='padding-bottom:40px; color:#ffffff;font-size:63px;' class='av-special-heading av-special-heading-h2 custom-color-heading blockquote modern-quote  avia-builder-el-1  avia-builder-el-no-sibling  av-inherit-size '><h2 class='av-special-heading-tag '  itemprop=\"headline\"  >Contact<\/h2><div class ='av-subheading av-subheading_below av_custom_color ' style='font-size:20px;'><p>sales, installation and renovation of epoxy floors<\/p>\n<\/div><div class='special-heading-border'><div class='special-heading-inner-border' style='border-color:#ffffff'><\/div><\/div><\/div>\n<\/div><\/div><\/main><!-- close content main element --><\/div><\/div><\/div><div id='after_section_1'  class='main_color av_default_container_wrap container_wrap sidebar_right' style=' '  ><div class='container' ><div class='template-page content  av-content-small alpha units'><div class='post-entry post-entry-type-page post-entry-670'><div class='entry-content-wrapper clearfix'>\n<div  style='padding-bottom:10px; ' class='av-special-heading av-special-heading-h2  blockquote modern-quote modern-centered  avia-builder-el-2  el_after_av_section  el_before_av_one_half  avia-builder-el-first  '><h2 class='av-special-heading-tag '  itemprop=\"headline\"  >Epo Paigaldus LLC<\/h2><div class='special-heading-border'><div class='special-heading-inner-border' ><\/div><\/div><\/div>\n<div class=\"flex_column av_one_half  flex_column_div av-zero-column-padding first  avia-builder-el-3  el_after_av_heading  el_before_av_one_half  kontaktinfo \" style='border-radius:0px; '><section class=\"av_textblock_section \"  itemscope=\"itemscope\" itemtype=\"https:\/\/schema.org\/CreativeWork\" ><div class='avia_textblock  '   itemprop=\"text\" ><p style=\"text-align: right;\">CEO: Kristjan Surva<br \/>\n<a href=\"mailto:info@epopaigaldus.ee\">info@epopaigaldus.ee<\/a><br \/>\n+372 5620 6899<br \/>\nKalda 6-5, Keila, 76608<\/p>\n<\/div><\/section><\/div>\n<div class=\"flex_column av_one_half  flex_column_div av-zero-column-padding   avia-builder-el-5  el_after_av_one_half  el_before_av_contact  \" style='border-radius:0px; '><section class=\"av_textblock_section \"  itemscope=\"itemscope\" itemtype=\"https:\/\/schema.org\/CreativeWork\" ><div class='avia_textblock  '   itemprop=\"text\" ><p>Reg: 12579169<br \/>\nVAT: EE101698528<br \/>\nIBAN: EE717700771001534299<br \/>\nBIC\/SWIFT: LHVBEE22<\/p>\n<\/div><\/section><\/div>\n<form action=\"https:\/\/epopaigaldus.ee\/en\/contact\/\" method=\"post\"  class=\"avia_ajax_form av-form-labels-visible   avia-builder-el-7  el_after_av_one_half  el_before_av_leaflet_map  avia-builder-el-last   \" data-avia-form-id=\"1\" data-avia-redirect='' ><fieldset><p class='  first_form  form_element form_element_half' id='element_avia_1_1'><label for=\"avia_1_1\">Nimi <abbr class=\"required\" title=\"required\">*<\/abbr><\/label> <input name=\"avia_1_1\" class=\"text_input is_empty\" type=\"text\" id=\"avia_1_1\" value=\"\" \/><\/p><p class='  form_element form_element_half' id='element_avia_2_1'><label for=\"avia_2_1\">E-Mail <abbr class=\"required\" title=\"required\">*<\/abbr><\/label> <input name=\"avia_2_1\" class=\"text_input is_email\" type=\"text\" id=\"avia_2_1\" value=\"\" \/><\/p><p class='  first_form  form_element form_element_third' id='element_avia_3_1'><label for=\"avia_3_1\">~m2 <abbr class=\"required\" title=\"required\">*<\/abbr><\/label> <input name=\"avia_3_1\" class=\"text_input is_empty\" type=\"text\" id=\"avia_3_1\" value=\"\" \/><\/p><p class='  form_element form_element_third' id='element_avia_4_1'><label for=\"avia_4_1\">Asukoht v\u00f5i aadress <abbr class=\"required\" title=\"required\">*<\/abbr><\/label> <input name=\"avia_4_1\" class=\"text_input is_empty\" type=\"text\" id=\"avia_4_1\" value=\"\" \/><\/p><p class=' form_element form_element_third' id='element_avia_5_1'><label for=\"avia_5_1\">Milline p\u00f5rand? <abbr class=\"required\" title=\"required\">*<\/abbr><\/label> <select  name=\"avia_5_1\" class=\"select is_empty\" id=\"avia_5_1\"><option  value ='garaa\u017e'>garaa\u017e<\/option><option  value ='ladu'>ladu<\/option><option  value ='kontor'>kontor<\/option><option  value ='tootmisruum'>tootmisruum<\/option><option  value ='t\u00f6\u00f6stusruum'>t\u00f6\u00f6stusruum<\/option><option  value ='abiruum'>abiruum<\/option><option  value ='k\u00f6\u00f6k'>k\u00f6\u00f6k<\/option><option  value ='saun'>saun<\/option><option  value ='vannituba'>vannituba<\/option><option  value ='wc'>wc<\/option><option  value ='trepp'>trepp<\/option><option  value ='terrass'>terrass<\/option><option  value ='kauplus'>kauplus<\/option><option  value ='muu'>muu<\/option><\/select><\/p><p class='  first_form  form_element form_fullwidth av-last-visible-form-element' id='element_avia_6_1'><label for=\"avia_6_1\" class=\"textare_label hidden textare_label_avia_6_1\">Teade <abbr class=\"required\" title=\"required\">*<\/abbr><\/label><textarea  name=\"avia_6_1\" class=\"text_area is_empty\" cols=\"40\" rows=\"7\" id=\"avia_6_1\" ><\/textarea><\/p><p class=\"hidden\"><input type=\"text\" name=\"avia_7_1\" class=\"hidden \" id=\"avia_7_1\" value=\"\" \/><\/p><p class=\"form_element \"><input type=\"hidden\" value=\"1\" name=\"avia_generated_form1\" \/><input type=\"submit\" value=\"Saada kiri\" class=\"button\"  data-sending-label=\"Sending\"\/><\/p><\/fieldset><\/form><div id=\"ajaxresponse_1\" class=\"ajaxresponse ajaxresponse_1 hidden\"><\/div>\n<div  class='av_leaflet_sc_main_wrap av_leaflet_main_wrap '><div id='avia-leaflet-map-1' class='avia-leaflet-map-container avia-leaflet-map-sc  avia-grayscale-25 ' ><div class=\"leaflet-map WPLeafletMap\" style=\"height:350px; width:100%;\"><\/div><script>\nwindow.WPLeafletMapPlugin = window.WPLeafletMapPlugin || [];\nwindow.WPLeafletMapPlugin.push(function WPLeafletMapShortcode() {\/*<script>*\/\nvar baseUrl = atob('aHR0cHM6Ly97c30udGlsZS5vcGVuc3RyZWV0bWFwLm9yZy97en0ve3h9L3t5fS5wbmc=');\nvar base = (!baseUrl && window.MQ) ?\n    window.MQ.mapLayer() : L.tileLayer(baseUrl,\n        L.Util.extend({}, {\n            detectRetina: 0,\n        },\n        {\"subdomains\":\"abc\",\"noWrap\":false,\"maxZoom\":13}        )\n    );\n    var options = L.Util.extend({}, {\n        layers: [base],\n        attributionControl: false\n    },\n    {\"closePopupOnClick\":false,\"dragging\":true,\"keyboard\":true,\"tap\":false,\"zoomControl\":false,\"scrollWheelZoom\":true,\"doubleClickZoom\":false,\"fitBounds\":true,\"minZoom\":8,\"maxZoom\":13,\"maxBounds\":null,\"attribution\":\"<a href=\\\"http:\\\/\\\/leafletjs.com\\\" title=\\\"A JS library for interactive maps\\\">Leaflet<\\\/a>; \\u00a9 <a href=\\\"http:\\\/\\\/www.openstreetmap.org\\\/copyright\\\">OpenStreetMap<\\\/a> contributors\"},\n    {});\nwindow.WPLeafletMapPlugin.createMap(options).setView([44.67,-63.61],12);window.WPLeafletMapPlugin.createScale({});});<\/script><script>\nwindow.WPLeafletMapPlugin = window.WPLeafletMapPlugin || [];\nwindow.WPLeafletMapPlugin.push(function WPLeafletMarkerShortcode() {\/*<script>*\/\nvar map = window.WPLeafletMapPlugin.getCurrentMap();\nvar group = window.WPLeafletMapPlugin.getCurrentGroup();\nvar marker_options = window.WPLeafletMapPlugin.getIconOptions({\"draggable\":true});\nvar marker = L.marker(\n    [59.3085245,24.432322],\n    marker_options\n);\nvar is_image = map.is_image_map;\nif (marker_options.draggable) {\n    marker.on('dragend', function () {\n        var latlng = this.getLatLng();\n        var lat = latlng.lat;\n        var lng = latlng.lng;\n        if (is_image) {\n            console.log('leaflet-marker y=' + lat + ' x=' + lng);\n        } else {\n            console.log('leaflet-marker lat=' + lat + ' lng=' + lng);\n        }\n    });\n}\nmarker.addTo( group );\nmarker.bindPopup(window.WPLeafletMapPlugin.unescape('Kalda 6-5, Keila'));window.WPLeafletMapPlugin.markers.push( marker );\n        });<\/script><\/div><\/div>\n","protected":false},"excerpt":{"rendered":"","protected":false},"author":1,"featured_media":0,"parent":0,"menu_order":0,"comment_status":"open","ping_status":"open","template":"","meta":{"footnotes":""},"class_list":["post-670","page","type-page","status-publish","hentry"],"yoast_head":"<!-- This site is optimized with the Yoast SEO plugin v24.6 - https:\/\/yoast.com\/wordpress\/plugins\/seo\/ -->\n<title>Contact - Quality epoxy floor installation since 2003<\/title>\n<meta name=\"description\" content=\"Epo-floors can be very attractive and used as a interior design element on it\u2019s own. The choice of materials can be very colorful.\" \/>\n<meta name=\"robots\" content=\"index, follow, max-snippet:-1, max-image-preview:large, max-video-preview:-1\" \/>\n<link rel=\"canonical\" href=\"https:\/\/epopaigaldus.ee\/en\/contact\/\" \/>\n<meta property=\"og:locale\" content=\"en_US\" \/>\n<meta property=\"og:type\" content=\"article\" \/>\n<meta property=\"og:title\" content=\"Contact - Quality epoxy floor installation since 2003\" \/>\n<meta property=\"og:description\" content=\"Epo-floors can be very attractive and used as a interior design element on it\u2019s own. The choice of materials can be very colorful.\" \/>\n<meta property=\"og:url\" content=\"https:\/\/epopaigaldus.ee\/en\/contact\/\" \/>\n<meta property=\"og:site_name\" content=\"Epop&otilde;randad ja paigaldus\" \/>\n<meta property=\"article:modified_time\" content=\"2021-07-05T18:34:52+00:00\" \/>\n<meta name=\"twitter:card\" content=\"summary_large_image\" \/>\n<meta name=\"twitter:label1\" content=\"Est. reading time\" \/>\n\t<meta name=\"twitter:data1\" content=\"2 minutes\" \/>\n<script type=\"application\/ld+json\" class=\"yoast-schema-graph\">{\"@context\":\"https:\/\/schema.org\",\"@graph\":[{\"@type\":\"WebPage\",\"@id\":\"https:\/\/epopaigaldus.ee\/en\/contact\/\",\"url\":\"https:\/\/epopaigaldus.ee\/en\/contact\/\",\"name\":\"Contact - Quality epoxy floor installation since 2003\",\"isPartOf\":{\"@id\":\"https:\/\/epopaigaldus.ee\/#website\"},\"datePublished\":\"2014-08-29T02:09:43+00:00\",\"dateModified\":\"2021-07-05T18:34:52+00:00\",\"description\":\"Epo-floors can be very attractive and used as a interior design element on it\u2019s own. The choice of materials can be very colorful.\",\"breadcrumb\":{\"@id\":\"https:\/\/epopaigaldus.ee\/en\/contact\/#breadcrumb\"},\"inLanguage\":\"en-US\",\"potentialAction\":[{\"@type\":\"ReadAction\",\"target\":[\"https:\/\/epopaigaldus.ee\/en\/contact\/\"]}]},{\"@type\":\"BreadcrumbList\",\"@id\":\"https:\/\/epopaigaldus.ee\/en\/contact\/#breadcrumb\",\"itemListElement\":[{\"@type\":\"ListItem\",\"position\":1,\"name\":\"Home\",\"item\":\"https:\/\/epopaigaldus.ee\/\"},{\"@type\":\"ListItem\",\"position\":2,\"name\":\"Contact\"}]},{\"@type\":\"WebSite\",\"@id\":\"https:\/\/epopaigaldus.ee\/#website\",\"url\":\"https:\/\/epopaigaldus.ee\/\",\"name\":\"Epop&otilde;randad ja paigaldus\",\"description\":\"Kvaliteetsete epop&otilde;randate m&uuml;&uuml;k, epopaigaldus ja renoveerimimine\",\"potentialAction\":[{\"@type\":\"SearchAction\",\"target\":{\"@type\":\"EntryPoint\",\"urlTemplate\":\"https:\/\/epopaigaldus.ee\/?s={search_term_string}\"},\"query-input\":{\"@type\":\"PropertyValueSpecification\",\"valueRequired\":true,\"valueName\":\"search_term_string\"}}],\"inLanguage\":\"en-US\"}]}<\/script>\n<!-- \/ Yoast SEO plugin. -->","yoast_head_json":{"title":"Contact - Quality epoxy floor installation since 2003","description":"Epo-floors can be very attractive and used as a interior design element on it\u2019s own. The choice of materials can be very colorful.","robots":{"index":"index","follow":"follow","max-snippet":"max-snippet:-1","max-image-preview":"max-image-preview:large","max-video-preview":"max-video-preview:-1"},"canonical":"https:\/\/epopaigaldus.ee\/en\/contact\/","og_locale":"en_US","og_type":"article","og_title":"Contact - Quality epoxy floor installation since 2003","og_description":"Epo-floors can be very attractive and used as a interior design element on it\u2019s own. The choice of materials can be very colorful.","og_url":"https:\/\/epopaigaldus.ee\/en\/contact\/","og_site_name":"Epop&otilde;randad ja paigaldus","article_modified_time":"2021-07-05T18:34:52+00:00","twitter_card":"summary_large_image","twitter_misc":{"Est. reading time":"2 minutes"},"schema":{"@context":"https:\/\/schema.org","@graph":[{"@type":"WebPage","@id":"https:\/\/epopaigaldus.ee\/en\/contact\/","url":"https:\/\/epopaigaldus.ee\/en\/contact\/","name":"Contact - Quality epoxy floor installation since 2003","isPartOf":{"@id":"https:\/\/epopaigaldus.ee\/#website"},"datePublished":"2014-08-29T02:09:43+00:00","dateModified":"2021-07-05T18:34:52+00:00","description":"Epo-floors can be very attractive and used as a interior design element on it\u2019s own. The choice of materials can be very colorful.","breadcrumb":{"@id":"https:\/\/epopaigaldus.ee\/en\/contact\/#breadcrumb"},"inLanguage":"en-US","potentialAction":[{"@type":"ReadAction","target":["https:\/\/epopaigaldus.ee\/en\/contact\/"]}]},{"@type":"BreadcrumbList","@id":"https:\/\/epopaigaldus.ee\/en\/contact\/#breadcrumb","itemListElement":[{"@type":"ListItem","position":1,"name":"Home","item":"https:\/\/epopaigaldus.ee\/"},{"@type":"ListItem","position":2,"name":"Contact"}]},{"@type":"WebSite","@id":"https:\/\/epopaigaldus.ee\/#website","url":"https:\/\/epopaigaldus.ee\/","name":"Epop&otilde;randad ja paigaldus","description":"Kvaliteetsete epop&otilde;randate m&uuml;&uuml;k, epopaigaldus ja renoveerimimine","potentialAction":[{"@type":"SearchAction","target":{"@type":"EntryPoint","urlTemplate":"https:\/\/epopaigaldus.ee\/?s={search_term_string}"},"query-input":{"@type":"PropertyValueSpecification","valueRequired":true,"valueName":"search_term_string"}}],"inLanguage":"en-US"}]}},"_links":{"self":[{"href":"https:\/\/epopaigaldus.ee\/en\/wp-json\/wp\/v2\/pages\/670","targetHints":{"allow":["GET"]}}],"collection":[{"href":"https:\/\/epopaigaldus.ee\/en\/wp-json\/wp\/v2\/pages"}],"about":[{"href":"https:\/\/epopaigaldus.ee\/en\/wp-json\/wp\/v2\/types\/page"}],"author":[{"embeddable":true,"href":"https:\/\/epopaigaldus.ee\/en\/wp-json\/wp\/v2\/users\/1"}],"replies":[{"embeddable":true,"href":"https:\/\/epopaigaldus.ee\/en\/wp-json\/wp\/v2\/comments?post=670"}],"version-history":[{"count":10,"href":"https:\/\/epopaigaldus.ee\/en\/wp-json\/wp\/v2\/pages\/670\/revisions"}],"predecessor-version":[{"id":1118,"href":"https:\/\/epopaigaldus.ee\/en\/wp-json\/wp\/v2\/pages\/670\/revisions\/1118"}],"wp:attachment":[{"href":"https:\/\/epopaigaldus.ee\/en\/wp-json\/wp\/v2\/media?parent=670"}],"curies":[{"name":"wp","href":"https:\/\/api.w.org\/{rel}","templated":true}]}}